{"id":2964,"date":"2025-04-17T13:07:25","date_gmt":"2025-04-17T11:07:25","guid":{"rendered":"https:\/\/www.deia-properties.com\/?page_id=2964"},"modified":"2025-06-05T12:59:33","modified_gmt":"2025-06-05T10:59:33","slug":"accessibility-statement","status":"publish","type":"page","link":"https:\/\/www.deia-properties.com\/es\/accessibility-statement\/","title":{"rendered":"Declaraci\u00f3n de accesibilidad"},"content":{"rendered":"<div data-elementor-type=\"wp-page\" data-elementor-id=\"2964\" class=\"elementor elementor-2964\" data-elementor-post-type=\"page\">\n\t\t\t\t<div class=\"elementor-element elementor-element-18766ef e-flex e-con-boxed e-con e-parent\" data-id=\"18766ef\" data-element_type=\"container\" data-e-type=\"container\">\n\t\t\t\t\t<div class=\"e-con-inner\">\n\t\t\t\t<div class=\"elementor-element elementor-element-c3cc115 elementor-widget elementor-widget-heading\" data-id=\"c3cc115\" data-element_type=\"widget\" data-e-type=\"widget\" data-widget_type=\"heading.default\">\n\t\t\t\t<div class=\"elementor-widget-container\">\n\t\t\t\t\t<h2 class=\"elementor-heading-title elementor-size-default\">DECLARACI\u00d3N DE ACCESIBILIDAD<\/h2>\t\t\t\t<\/div>\n\t\t\t\t<\/div>\n\t\t\t\t<div class=\"elementor-element elementor-element-bc564bb elementor-widget elementor-widget-text-editor\" data-id=\"bc564bb\" data-element_type=\"widget\" data-e-type=\"widget\" data-widget_type=\"text-editor.default\">\n\t\t\t\t<div class=\"elementor-widget-container\">\n\t\t\t\t\t\t\t\t\t<p>Mya Waldren Brown est\u00e1 comprometida a garantizar <a href=\"https:\/\/www.deia-properties.com\/es\/\">https:\/\/www.deia-properties.com\/<\/a> accesible de acuerdo con<a href=\"https:\/\/www.boe.es\/buscar\/act.php?id=BOE-A-2018-12699\"> el Real Decreto 1112\/2018, de 7 de septiembre, sobre accesibilidad de los sitios web y aplicaciones para dispositivos m\u00f3viles del sector p\u00fablico.<\/a><\/p><p>Esta declaraci\u00f3n de accesibilidad se aplica al sitio web <a href=\"https:\/\/www.deia-properties.com\/es\/\">https:\/\/www.deia-properties.com<\/a>\/.<\/p><p>Este sitio web cumple plenamente con el Real Decreto 1112\/2018.<\/p><p>Esta declaraci\u00f3n fue preparada el 17 de abril de 2025.<\/p><p>El m\u00e9todo utilizado para preparar la declaraci\u00f3n ha sido una autoevaluaci\u00f3n realizada por la propia organizaci\u00f3n.<\/p>\t\t\t\t\t\t\t\t<\/div>\n\t\t\t\t<\/div>\n\t\t\t\t\t<\/div>\n\t\t\t\t<\/div>\n\t\t\t\t<\/div>","protected":false},"excerpt":{"rendered":"<p>ACCESIBILITY STATEMENT Mya Waldren Brown is committed to making https:\/\/www.deia-properties.com\/ accessible in accordance with Royal Decree 1112\/2018, of September 7, on the accessibility of websites and mobile applications in the public sector. This accessibility statement applies to the website https:\/\/www.deia-properties.com\/. This website fully complies with RD 1112\/2018. This statement was prepared on April 17, 2025. [&hellip;]<\/p>\n","protected":false},"author":4,"featured_media":0,"parent":0,"menu_order":0,"comment_status":"closed","ping_status":"closed","template":"","meta":{"footnotes":""},"class_list":["post-2964","page","type-page","status-publish","hentry"],"yoast_head":"<!-- This site is optimized with the Yoast SEO plugin v27.4 - https:\/\/yoast.com\/product\/yoast-seo-wordpress\/ -->\n<title>Accessibility Statement - Deia Properties<\/title>\n<meta name=\"robots\" content=\"noindex, nofollow\" \/>\n<meta property=\"og:locale\" content=\"es_ES\" \/>\n<meta property=\"og:type\" content=\"article\" \/>\n<meta property=\"og:title\" content=\"Accessibility Statement - Deia Properties\" \/>\n<meta property=\"og:description\" content=\"ACCESIBILITY STATEMENT Mya Waldren Brown is committed to making https:\/\/www.deia-properties.com\/ accessible in accordance with Royal Decree 1112\/2018, of September 7, on the accessibility of websites and mobile applications in the public sector. This accessibility statement applies to the website https:\/\/www.deia-properties.com\/. This website fully complies with RD 1112\/2018. This statement was prepared on April 17, 2025. [&hellip;]\" \/>\n<meta property=\"og:url\" content=\"https:\/\/www.deia-properties.com\/es\/accessibility-statement\/\" \/>\n<meta property=\"og:site_name\" content=\"Deia Properties\" \/>\n<meta property=\"article:modified_time\" content=\"2025-06-05T10:59:33+00:00\" \/>\n<meta name=\"twitter:card\" content=\"summary_large_image\" \/>\n<meta name=\"twitter:label1\" content=\"Tiempo de lectura\" \/>\n\t<meta name=\"twitter:data1\" content=\"1 minuto\" \/>\n<script type=\"application\/ld+json\" class=\"yoast-schema-graph\">{\"@context\":\"https:\\\/\\\/schema.org\",\"@graph\":[{\"@type\":\"WebPage\",\"@id\":\"https:\\\/\\\/www.deia-properties.com\\\/accessibility-statement\\\/\",\"url\":\"https:\\\/\\\/www.deia-properties.com\\\/accessibility-statement\\\/\",\"name\":\"Accessibility Statement - Deia Properties\",\"isPartOf\":{\"@id\":\"https:\\\/\\\/www.deia-properties.com\\\/#website\"},\"datePublished\":\"2025-04-17T11:07:25+00:00\",\"dateModified\":\"2025-06-05T10:59:33+00:00\",\"breadcrumb\":{\"@id\":\"https:\\\/\\\/www.deia-properties.com\\\/accessibility-statement\\\/#breadcrumb\"},\"inLanguage\":\"es\",\"potentialAction\":[{\"@type\":\"ReadAction\",\"target\":[\"https:\\\/\\\/www.deia-properties.com\\\/accessibility-statement\\\/\"]}]},{\"@type\":\"BreadcrumbList\",\"@id\":\"https:\\\/\\\/www.deia-properties.com\\\/accessibility-statement\\\/#breadcrumb\",\"itemListElement\":[{\"@type\":\"ListItem\",\"position\":1,\"name\":\"Home\",\"item\":\"https:\\\/\\\/www.deia-properties.com\\\/\"},{\"@type\":\"ListItem\",\"position\":2,\"name\":\"Accessibility Statement\"}]},{\"@type\":\"WebSite\",\"@id\":\"https:\\\/\\\/www.deia-properties.com\\\/#website\",\"url\":\"https:\\\/\\\/www.deia-properties.com\\\/\",\"name\":\"Deia Properties - Beautiful Houses to Rent\",\"description\":\"Beautiful houses for rent\",\"publisher\":{\"@id\":\"https:\\\/\\\/www.deia-properties.com\\\/#organization\"},\"potentialAction\":[{\"@type\":\"SearchAction\",\"target\":{\"@type\":\"EntryPoint\",\"urlTemplate\":\"https:\\\/\\\/www.deia-properties.com\\\/?s={search_term_string}\"},\"query-input\":{\"@type\":\"PropertyValueSpecification\",\"valueRequired\":true,\"valueName\":\"search_term_string\"}}],\"inLanguage\":\"es\"},{\"@type\":\"Organization\",\"@id\":\"https:\\\/\\\/www.deia-properties.com\\\/#organization\",\"name\":\"Deia Properties - Beautiful Houses to Rent\",\"url\":\"https:\\\/\\\/www.deia-properties.com\\\/\",\"logo\":{\"@type\":\"ImageObject\",\"inLanguage\":\"es\",\"@id\":\"https:\\\/\\\/www.deia-properties.com\\\/#\\\/schema\\\/logo\\\/image\\\/\",\"url\":\"https:\\\/\\\/www.deia-properties.com\\\/wp-content\\\/uploads\\\/2025\\\/05\\\/cropped-Imagen-2-5-25-a-las-11.09.png\",\"contentUrl\":\"https:\\\/\\\/www.deia-properties.com\\\/wp-content\\\/uploads\\\/2025\\\/05\\\/cropped-Imagen-2-5-25-a-las-11.09.png\",\"width\":668,\"height\":191,\"caption\":\"Deia Properties - Beautiful Houses to Rent\"},\"image\":{\"@id\":\"https:\\\/\\\/www.deia-properties.com\\\/#\\\/schema\\\/logo\\\/image\\\/\"}}]}<\/script>\n<!-- \/ Yoast SEO plugin. -->","yoast_head_json":{"title":"Accessibility Statement - Deia Properties","robots":{"index":"noindex","follow":"nofollow"},"og_locale":"es_ES","og_type":"article","og_title":"Accessibility Statement - Deia Properties","og_description":"ACCESIBILITY STATEMENT Mya Waldren Brown is committed to making https:\/\/www.deia-properties.com\/ accessible in accordance with Royal Decree 1112\/2018, of September 7, on the accessibility of websites and mobile applications in the public sector. This accessibility statement applies to the website https:\/\/www.deia-properties.com\/. This website fully complies with RD 1112\/2018. This statement was prepared on April 17, 2025. [&hellip;]","og_url":"https:\/\/www.deia-properties.com\/es\/accessibility-statement\/","og_site_name":"Deia Properties","article_modified_time":"2025-06-05T10:59:33+00:00","twitter_card":"summary_large_image","twitter_misc":{"Tiempo de lectura":"1 minuto"},"schema":{"@context":"https:\/\/schema.org","@graph":[{"@type":"WebPage","@id":"https:\/\/www.deia-properties.com\/accessibility-statement\/","url":"https:\/\/www.deia-properties.com\/accessibility-statement\/","name":"Accessibility Statement - Deia Properties","isPartOf":{"@id":"https:\/\/www.deia-properties.com\/#website"},"datePublished":"2025-04-17T11:07:25+00:00","dateModified":"2025-06-05T10:59:33+00:00","breadcrumb":{"@id":"https:\/\/www.deia-properties.com\/accessibility-statement\/#breadcrumb"},"inLanguage":"es","potentialAction":[{"@type":"ReadAction","target":["https:\/\/www.deia-properties.com\/accessibility-statement\/"]}]},{"@type":"BreadcrumbList","@id":"https:\/\/www.deia-properties.com\/accessibility-statement\/#breadcrumb","itemListElement":[{"@type":"ListItem","position":1,"name":"Home","item":"https:\/\/www.deia-properties.com\/"},{"@type":"ListItem","position":2,"name":"Accessibility Statement"}]},{"@type":"WebSite","@id":"https:\/\/www.deia-properties.com\/#website","url":"https:\/\/www.deia-properties.com\/","name":"Deia Properties - Beautiful Houses to Rent","description":"Beautiful houses for rent","publisher":{"@id":"https:\/\/www.deia-properties.com\/#organization"},"potentialAction":[{"@type":"SearchAction","target":{"@type":"EntryPoint","urlTemplate":"https:\/\/www.deia-properties.com\/?s={search_term_string}"},"query-input":{"@type":"PropertyValueSpecification","valueRequired":true,"valueName":"search_term_string"}}],"inLanguage":"es"},{"@type":"Organization","@id":"https:\/\/www.deia-properties.com\/#organization","name":"Deia Properties - Beautiful Houses to Rent","url":"https:\/\/www.deia-properties.com\/","logo":{"@type":"ImageObject","inLanguage":"es","@id":"https:\/\/www.deia-properties.com\/#\/schema\/logo\/image\/","url":"https:\/\/www.deia-properties.com\/wp-content\/uploads\/2025\/05\/cropped-Imagen-2-5-25-a-las-11.09.png","contentUrl":"https:\/\/www.deia-properties.com\/wp-content\/uploads\/2025\/05\/cropped-Imagen-2-5-25-a-las-11.09.png","width":668,"height":191,"caption":"Deia Properties - Beautiful Houses to Rent"},"image":{"@id":"https:\/\/www.deia-properties.com\/#\/schema\/logo\/image\/"}}]}},"_links":{"self":[{"href":"https:\/\/www.deia-properties.com\/es\/wp-json\/wp\/v2\/pages\/2964","targetHints":{"allow":["GET"]}}],"collection":[{"href":"https:\/\/www.deia-properties.com\/es\/wp-json\/wp\/v2\/pages"}],"about":[{"href":"https:\/\/www.deia-properties.com\/es\/wp-json\/wp\/v2\/types\/page"}],"author":[{"embeddable":true,"href":"https:\/\/www.deia-properties.com\/es\/wp-json\/wp\/v2\/users\/4"}],"replies":[{"embeddable":true,"href":"https:\/\/www.deia-properties.com\/es\/wp-json\/wp\/v2\/comments?post=2964"}],"version-history":[{"count":5,"href":"https:\/\/www.deia-properties.com\/es\/wp-json\/wp\/v2\/pages\/2964\/revisions"}],"predecessor-version":[{"id":4703,"href":"https:\/\/www.deia-properties.com\/es\/wp-json\/wp\/v2\/pages\/2964\/revisions\/4703"}],"wp:attachment":[{"href":"https:\/\/www.deia-properties.com\/es\/wp-json\/wp\/v2\/media?parent=2964"}],"curies":[{"name":"wp","href":"https:\/\/api.w.org\/{rel}","templated":true}]}}