{"id":1171,"date":"2025-03-26T11:27:46","date_gmt":"2025-03-26T11:27:46","guid":{"rendered":"https:\/\/www.deia-properties.com\/?page_id=1171"},"modified":"2025-05-02T09:48:22","modified_gmt":"2025-05-02T07:48:22","slug":"about-us","status":"publish","type":"page","link":"https:\/\/www.deia-properties.com\/es\/about-us\/","title":{"rendered":"Sobre nosotros"},"content":{"rendered":"<div data-elementor-type=\"wp-page\" data-elementor-id=\"1171\" class=\"elementor elementor-1171\" data-elementor-post-type=\"page\">\n\t\t\t\t<div class=\"elementor-element elementor-element-5e3def8 e-flex e-con-boxed e-con e-parent\" data-id=\"5e3def8\" data-element_type=\"container\" data-e-type=\"container\" data-settings=\"{&quot;background_background&quot;:&quot;classic&quot;}\">\n\t\t\t\t\t<div class=\"e-con-inner\">\n\t\t\t\t<div class=\"elementor-element elementor-element-47bc5b9 elementor-invisible elementor-widget elementor-widget-heading\" data-id=\"47bc5b9\" data-element_type=\"widget\" data-e-type=\"widget\" data-settings=\"{&quot;_animation&quot;:&quot;fadeInUp&quot;}\" data-widget_type=\"heading.default\">\n\t\t\t\t<div class=\"elementor-widget-container\">\n\t\t\t\t\t<h2 class=\"elementor-heading-title elementor-size-default\">Sobre nosotros<\/h2>\t\t\t\t<\/div>\n\t\t\t\t<\/div>\n\t\t\t\t\t<\/div>\n\t\t\t\t<\/div>\n\t\t<div class=\"elementor-element elementor-element-d8ab4ae e-flex e-con-boxed e-con e-parent\" data-id=\"d8ab4ae\" data-element_type=\"container\" data-e-type=\"container\">\n\t\t\t\t\t<div class=\"e-con-inner\">\n\t\t<div class=\"elementor-element elementor-element-406b635 e-con-full e-flex e-con e-child\" data-id=\"406b635\" data-element_type=\"container\" data-e-type=\"container\">\n\t\t\t\t<div class=\"elementor-element elementor-element-00a552f elementor-invisible elementor-widget elementor-widget-image\" data-id=\"00a552f\" data-element_type=\"widget\" data-e-type=\"widget\" data-settings=\"{&quot;_animation&quot;:&quot;fadeInLeft&quot;}\" data-widget_type=\"image.default\">\n\t\t\t\t<div class=\"elementor-widget-container\">\n\t\t\t\t\t\t\t\t\t\t\t\t\t\t\t<img fetchpriority=\"high\" decoding=\"async\" width=\"800\" height=\"533\" src=\"https:\/\/www.deia-properties.com\/wp-content\/uploads\/2025\/04\/MGA_2010_10_09_25753-Version-2-Edit-1024x682.webp\" class=\"attachment-large size-large wp-image-2508\" alt=\"\" srcset=\"https:\/\/www.deia-properties.com\/wp-content\/uploads\/2025\/04\/MGA_2010_10_09_25753-Version-2-Edit-1024x682.webp 1024w, https:\/\/www.deia-properties.com\/wp-content\/uploads\/2025\/04\/MGA_2010_10_09_25753-Version-2-Edit-300x200.webp 300w, https:\/\/www.deia-properties.com\/wp-content\/uploads\/2025\/04\/MGA_2010_10_09_25753-Version-2-Edit-768x512.webp 768w, https:\/\/www.deia-properties.com\/wp-content\/uploads\/2025\/04\/MGA_2010_10_09_25753-Version-2-Edit.webp 1280w\" sizes=\"(max-width: 800px) 100vw, 800px\" \/>\t\t\t\t\t\t\t\t\t\t\t\t\t\t\t<\/div>\n\t\t\t\t<\/div>\n\t\t\t\t<\/div>\n\t\t<div class=\"elementor-element elementor-element-a4cc527 e-con-full e-flex e-con e-child\" data-id=\"a4cc527\" data-element_type=\"container\" data-e-type=\"container\">\n\t\t\t\t<div class=\"elementor-element elementor-element-0999751 elementor-widget elementor-widget-text-editor\" data-id=\"0999751\" data-element_type=\"widget\" data-e-type=\"widget\" data-widget_type=\"text-editor.default\">\n\t\t\t\t<div class=\"elementor-widget-container\">\n\t\t\t\t\t\t\t\t\t<p>Somos una empresa familiar con m\u00e1s de 27 a\u00f1os de experiencia que ofrece un trato personalizado a nuestros clientes. Como responsables de nuestras villas de lujo, hemos seleccionado cuidadosamente cada propiedad de nuestra cartera, asegur\u00e1ndonos de que todas cumplan con los altos est\u00e1ndares que buscan nuestros hu\u00e9spedes: comodidad, estilo y encanto hogare\u00f1o, como si se tratara de un hogar lejos del hogar. Cada villa tiene su propia personalidad y encanto, todas muy diferentes: algunas cerca del mar, otras en la monta\u00f1a o en el pueblo.<\/p><p>Disfrutamos ayudarle a decidir sobre el tipo de propiedad que est\u00e1 buscando, lo que a veces no es una tarea f\u00e1cil ya que debe pensar en cada miembro de la familia y amigos que puedan venir con usted, podemos ayudarlo a que todos est\u00e9n felices.<\/p>\t\t\t\t\t\t\t\t<\/div>\n\t\t\t\t<\/div>\n\t\t\t\t<\/div>\n\t\t\t\t\t<\/div>\n\t\t\t\t<\/div>\n\t\t<div class=\"elementor-element elementor-element-e385e92 e-flex e-con-boxed e-con e-parent\" data-id=\"e385e92\" data-element_type=\"container\" data-e-type=\"container\">\n\t\t\t\t\t<div class=\"e-con-inner\">\n\t\t\t\t<div class=\"elementor-element elementor-element-69d34c3 elementor-widget elementor-widget-text-editor\" data-id=\"69d34c3\" data-element_type=\"widget\" data-e-type=\"widget\" data-widget_type=\"text-editor.default\">\n\t\t\t\t<div class=\"elementor-widget-container\">\n\t\t\t\t\t\t\t\t\t<p>Le ofrecemos consejos, sugerencias e informaci\u00f3n privilegiada de un residente de larga estancia, para que pueda descubrir la aut\u00e9ntica Mallorca durante su estancia. Le ayudaremos a conocer el pueblo y lo que la isla ofrece.<\/p><p>Hablamos ingl\u00e9s, espa\u00f1ol y mallorqu\u00edn con fluidez. Le ofrecemos asesoramiento experto en todos los aspectos de sus vacaciones, desde encontrar las mejores playas hasta los restaurantes m\u00e1s exclusivos o organizar una cena exclusiva en casa.<\/p><p>Le ayudamos a planificar un itinerario adaptado a sus necesidades espec\u00edficas y le ponemos en contacto con diversos servicios locales, como servicio de limpieza adicional, catas de vinos, chefs, ni\u00f1eras, paseos en barco y spa en casa, entre muchas otras actividades que pueda desear. O simplemente le dejamos disfrutar de la comodidad y el ocio que ofrecen las propiedades.<\/p>\t\t\t\t\t\t\t\t<\/div>\n\t\t\t\t<\/div>\n\t\t\t\t\t<\/div>\n\t\t\t\t<\/div>\n\t\t<div class=\"elementor-element elementor-element-d8d56f9 e-flex e-con-boxed e-con e-parent\" data-id=\"d8d56f9\" data-element_type=\"container\" data-e-type=\"container\" data-settings=\"{&quot;background_background&quot;:&quot;classic&quot;}\">\n\t\t\t\t\t<div class=\"e-con-inner\">\n\t\t\t\t<div class=\"elementor-element elementor-element-38da9ac elementor-widget elementor-widget-heading\" data-id=\"38da9ac\" data-element_type=\"widget\" data-e-type=\"widget\" data-widget_type=\"heading.default\">\n\t\t\t\t<div class=\"elementor-widget-container\">\n\t\t\t\t\t<h2 class=\"elementor-heading-title elementor-size-default\">\u00bfQu\u00e9 nos hace diferentes?<\/h2>\t\t\t\t<\/div>\n\t\t\t\t<\/div>\n\t\t\t\t\t<\/div>\n\t\t\t\t<\/div>\n\t\t<div class=\"elementor-element elementor-element-738fdf9a animated-slow e-flex e-con-boxed elementor-invisible e-con e-parent\" data-id=\"738fdf9a\" data-element_type=\"container\" data-e-type=\"container\" data-settings=\"{&quot;animation&quot;:&quot;fadeInUp&quot;,&quot;background_background&quot;:&quot;classic&quot;}\">\n\t\t\t\t\t<div class=\"e-con-inner\">\n\t\t<div class=\"elementor-element elementor-element-1827247a e-con-full e-flex elementor-invisible e-con e-child\" data-id=\"1827247a\" data-element_type=\"container\" data-e-type=\"container\" data-settings=\"{&quot;animation&quot;:&quot;fadeIn&quot;}\">\n\t\t\t\t<div class=\"elementor-element elementor-element-48be7a4a elementor-widget elementor-widget-text-editor\" data-id=\"48be7a4a\" data-element_type=\"widget\" data-e-type=\"widget\" data-widget_type=\"text-editor.default\">\n\t\t\t\t<div class=\"elementor-widget-container\">\n\t\t\t\t\t\t\t\t\t<p>Casas exclusivas cuidadosamente seleccionadas<\/p>\t\t\t\t\t\t\t\t<\/div>\n\t\t\t\t<\/div>\n\t\t\t\t<div class=\"elementor-element elementor-element-17a115b7 elementor-widget elementor-widget-text-editor\" data-id=\"17a115b7\" data-element_type=\"widget\" data-e-type=\"widget\" data-widget_type=\"text-editor.default\">\n\t\t\t\t<div class=\"elementor-widget-container\">\n\t\t\t\t\t\t\t\t\t<p>Cada propiedad es seleccionada cuidadosamente por su ubicaci\u00f3n excepcional, dise\u00f1o y personalidad, espacios distintivos en los entornos m\u00e1s singulares de Mallorca.<\/p>\t\t\t\t\t\t\t\t<\/div>\n\t\t\t\t<\/div>\n\t\t\t\t<\/div>\n\t\t<div class=\"elementor-element elementor-element-46095f5c e-con-full e-flex elementor-invisible e-con e-child\" data-id=\"46095f5c\" data-element_type=\"container\" data-e-type=\"container\" data-settings=\"{&quot;animation&quot;:&quot;fadeIn&quot;}\">\n\t\t\t\t<div class=\"elementor-element elementor-element-79630912 elementor-widget elementor-widget-text-editor\" data-id=\"79630912\" data-element_type=\"widget\" data-e-type=\"widget\" data-widget_type=\"text-editor.default\">\n\t\t\t\t<div class=\"elementor-widget-container\">\n\t\t\t\t\t\t\t\t\t<p>Una estancia perfecta y excepcional<\/p>\t\t\t\t\t\t\t\t<\/div>\n\t\t\t\t<\/div>\n\t\t\t\t<div class=\"elementor-element elementor-element-66044e21 elementor-widget elementor-widget-text-editor\" data-id=\"66044e21\" data-element_type=\"widget\" data-e-type=\"widget\" data-widget_type=\"text-editor.default\">\n\t\t\t\t<div class=\"elementor-widget-container\">\n\t\t\t\t\t\t\t\t\t<p>Queremos que disfrutes cada momento. Por eso, cuidamos cada detalle antes, durante y despu\u00e9s de tu estancia. T\u00fa solo tienes que relajarte, nosotros nos encargamos del resto.<\/p>\t\t\t\t\t\t\t\t<\/div>\n\t\t\t\t<\/div>\n\t\t\t\t<\/div>\n\t\t<div class=\"elementor-element elementor-element-5a7b14db e-con-full e-flex elementor-invisible e-con e-child\" data-id=\"5a7b14db\" data-element_type=\"container\" data-e-type=\"container\" data-settings=\"{&quot;animation&quot;:&quot;fadeIn&quot;}\">\n\t\t\t\t<div class=\"elementor-element elementor-element-19b4ee7 elementor-widget elementor-widget-text-editor\" data-id=\"19b4ee7\" data-element_type=\"widget\" data-e-type=\"widget\" data-widget_type=\"text-editor.default\">\n\t\t\t\t<div class=\"elementor-widget-container\">\n\t\t\t\t\t\t\t\t\t<p class=\"\" data-start=\"0\" data-end=\"18\">Servicios exclusivos<\/p>\t\t\t\t\t\t\t\t<\/div>\n\t\t\t\t<\/div>\n\t\t\t\t<div class=\"elementor-element elementor-element-45ff37ad elementor-widget elementor-widget-text-editor\" data-id=\"45ff37ad\" data-element_type=\"widget\" data-e-type=\"widget\" data-widget_type=\"text-editor.default\">\n\t\t\t\t<div class=\"elementor-widget-container\">\n\t\t\t\t\t\t\t\t\t<p>Chef privado, spa a domicilio, traslados de lujo, limpieza adicional o ni\u00f1eras de confianza. Nos encargamos de todo lo necesario para una estancia personalizada, con la m\u00e1xima comodidad y sin complicaciones.<\/p>\t\t\t\t\t\t\t\t<\/div>\n\t\t\t\t<\/div>\n\t\t\t\t<\/div>\n\t\t\t\t\t<\/div>\n\t\t\t\t<\/div>\n\t\t<div class=\"elementor-element elementor-element-1f436d2 e-flex e-con-boxed e-con e-parent\" data-id=\"1f436d2\" data-element_type=\"container\" data-e-type=\"container\" data-settings=\"{&quot;background_background&quot;:&quot;classic&quot;}\">\n\t\t\t\t\t<div class=\"e-con-inner\">\n\t\t\t\t<div class=\"elementor-element elementor-element-a974b19 elementor-invisible elementor-widget elementor-widget-heading\" data-id=\"a974b19\" data-element_type=\"widget\" data-e-type=\"widget\" data-settings=\"{&quot;_animation&quot;:&quot;fadeInUp&quot;}\" data-widget_type=\"heading.default\">\n\t\t\t\t<div class=\"elementor-widget-container\">\n\t\t\t\t\t<h2 class=\"elementor-heading-title elementor-size-default\">Empieza a planificar tus vacaciones en Mallorca<\/h2>\t\t\t\t<\/div>\n\t\t\t\t<\/div>\n\t\t\t\t<div class=\"elementor-element elementor-element-5dc0ced elementor-widget elementor-widget-text-editor\" data-id=\"5dc0ced\" data-element_type=\"widget\" data-e-type=\"widget\" data-widget_type=\"text-editor.default\">\n\t\t\t\t<div class=\"elementor-widget-container\">\n\t\t\t\t\t\t\t\t\t<p>Descubra el encanto de alojarse en propiedades \u00fanicas, con el respaldo de un equipo c\u00e1lido y profesional dedicado a brindarle una experiencia verdaderamente aut\u00e9ntica. Ya sea que viaje en pareja, en familia o con amigos, tenemos el lugar perfecto para usted.<\/p>\t\t\t\t\t\t\t\t<\/div>\n\t\t\t\t<\/div>\n\t\t\t\t<div class=\"elementor-element elementor-element-fd5bbdd elementor-widget elementor-widget-button\" data-id=\"fd5bbdd\" data-element_type=\"widget\" data-e-type=\"widget\" data-widget_type=\"button.default\">\n\t\t\t\t<div class=\"elementor-widget-container\">\n\t\t\t\t\t\t\t\t\t<div class=\"elementor-button-wrapper\">\n\t\t\t\t\t<a class=\"elementor-button elementor-button-link elementor-size-sm\" href=\"https:\/\/www.deia-properties.com\/es\/properties\/\">\n\t\t\t\t\t\t<span class=\"elementor-button-content-wrapper\">\n\t\t\t\t\t\t\t\t\t<span class=\"elementor-button-text\">Ver propiedades<\/span>\n\t\t\t\t\t<\/span>\n\t\t\t\t\t<\/a>\n\t\t\t\t<\/div>\n\t\t\t\t\t\t\t\t<\/div>\n\t\t\t\t<\/div>\n\t\t\t\t\t<\/div>\n\t\t\t\t<\/div>\n\t\t\t\t<\/div>","protected":false},"excerpt":{"rendered":"<p>About us We are a family run business with more than 27 years experience offering a personal treatment to our clients and as the person responsible for our luxury villas, our portfolio has been hand-picked each property, ensuring they all meet the high standards required that all guests are looking for this being comfort style [&hellip;]<\/p>\n","protected":false},"author":4,"featured_media":0,"parent":0,"menu_order":0,"comment_status":"closed","ping_status":"closed","template":"","meta":{"footnotes":""},"class_list":["post-1171","page","type-page","status-publish","hentry"],"yoast_head":"<!-- This site is optimized with the Yoast SEO plugin v27.4 - https:\/\/yoast.com\/product\/yoast-seo-wordpress\/ -->\n<title>About us - Deia Properties<\/title>\n<meta name=\"description\" content=\"Get to know the team behind Dei\u00e0 Properties. We specialize in charming holiday rentals in Dei\u00e0, Valldemossa, S\u00f3ller and the Serra de Tramuntana, offering personalized service and local expertise.\" \/>\n<meta name=\"robots\" content=\"index, follow, max-snippet:-1, max-image-preview:large, max-video-preview:-1\" \/>\n<link rel=\"canonical\" href=\"https:\/\/www.deia-properties.com\/es\/about-us\/\" \/>\n<meta property=\"og:locale\" content=\"es_ES\" \/>\n<meta property=\"og:type\" content=\"article\" \/>\n<meta property=\"og:title\" content=\"About us - Deia Properties\" \/>\n<meta property=\"og:description\" content=\"Get to know the team behind Dei\u00e0 Properties. We specialize in charming holiday rentals in Dei\u00e0, Valldemossa, S\u00f3ller and the Serra de Tramuntana, offering personalized service and local expertise.\" \/>\n<meta property=\"og:url\" content=\"https:\/\/www.deia-properties.com\/es\/about-us\/\" \/>\n<meta property=\"og:site_name\" content=\"Deia Properties\" \/>\n<meta property=\"article:modified_time\" content=\"2025-05-02T07:48:22+00:00\" \/>\n<meta property=\"og:image\" content=\"http:\/\/www.deia-properties.com\/wp-content\/uploads\/2025\/04\/MGA_2010_10_09_25753-Version-2-Edit-1024x682.webp\" \/>\n<meta name=\"twitter:card\" content=\"summary_large_image\" \/>\n<meta name=\"twitter:label1\" content=\"Tiempo de lectura\" \/>\n\t<meta name=\"twitter:data1\" content=\"3 minutos\" \/>\n<script type=\"application\/ld+json\" class=\"yoast-schema-graph\">{\"@context\":\"https:\\\/\\\/schema.org\",\"@graph\":[{\"@type\":\"WebPage\",\"@id\":\"https:\\\/\\\/www.deia-properties.com\\\/about-us\\\/\",\"url\":\"https:\\\/\\\/www.deia-properties.com\\\/about-us\\\/\",\"name\":\"About us - Deia Properties\",\"isPartOf\":{\"@id\":\"https:\\\/\\\/www.deia-properties.com\\\/#website\"},\"primaryImageOfPage\":{\"@id\":\"https:\\\/\\\/www.deia-properties.com\\\/about-us\\\/#primaryimage\"},\"image\":{\"@id\":\"https:\\\/\\\/www.deia-properties.com\\\/about-us\\\/#primaryimage\"},\"thumbnailUrl\":\"http:\\\/\\\/www.deia-properties.com\\\/wp-content\\\/uploads\\\/2025\\\/04\\\/MGA_2010_10_09_25753-Version-2-Edit-1024x682.webp\",\"datePublished\":\"2025-03-26T11:27:46+00:00\",\"dateModified\":\"2025-05-02T07:48:22+00:00\",\"description\":\"Get to know the team behind Dei\u00e0 Properties. We specialize in charming holiday rentals in Dei\u00e0, Valldemossa, S\u00f3ller and the Serra de Tramuntana, offering personalized service and local expertise.\",\"breadcrumb\":{\"@id\":\"https:\\\/\\\/www.deia-properties.com\\\/about-us\\\/#breadcrumb\"},\"inLanguage\":\"es\",\"potentialAction\":[{\"@type\":\"ReadAction\",\"target\":[\"https:\\\/\\\/www.deia-properties.com\\\/about-us\\\/\"]}]},{\"@type\":\"ImageObject\",\"inLanguage\":\"es\",\"@id\":\"https:\\\/\\\/www.deia-properties.com\\\/about-us\\\/#primaryimage\",\"url\":\"http:\\\/\\\/www.deia-properties.com\\\/wp-content\\\/uploads\\\/2025\\\/04\\\/MGA_2010_10_09_25753-Version-2-Edit-1024x682.webp\",\"contentUrl\":\"http:\\\/\\\/www.deia-properties.com\\\/wp-content\\\/uploads\\\/2025\\\/04\\\/MGA_2010_10_09_25753-Version-2-Edit-1024x682.webp\"},{\"@type\":\"BreadcrumbList\",\"@id\":\"https:\\\/\\\/www.deia-properties.com\\\/about-us\\\/#breadcrumb\",\"itemListElement\":[{\"@type\":\"ListItem\",\"position\":1,\"name\":\"Home\",\"item\":\"https:\\\/\\\/www.deia-properties.com\\\/\"},{\"@type\":\"ListItem\",\"position\":2,\"name\":\"About us\"}]},{\"@type\":\"WebSite\",\"@id\":\"https:\\\/\\\/www.deia-properties.com\\\/#website\",\"url\":\"https:\\\/\\\/www.deia-properties.com\\\/\",\"name\":\"Deia Properties - Beautiful Houses to Rent\",\"description\":\"Beautiful houses for rent\",\"publisher\":{\"@id\":\"https:\\\/\\\/www.deia-properties.com\\\/#organization\"},\"potentialAction\":[{\"@type\":\"SearchAction\",\"target\":{\"@type\":\"EntryPoint\",\"urlTemplate\":\"https:\\\/\\\/www.deia-properties.com\\\/?s={search_term_string}\"},\"query-input\":{\"@type\":\"PropertyValueSpecification\",\"valueRequired\":true,\"valueName\":\"search_term_string\"}}],\"inLanguage\":\"es\"},{\"@type\":\"Organization\",\"@id\":\"https:\\\/\\\/www.deia-properties.com\\\/#organization\",\"name\":\"Deia Properties - Beautiful Houses to Rent\",\"url\":\"https:\\\/\\\/www.deia-properties.com\\\/\",\"logo\":{\"@type\":\"ImageObject\",\"inLanguage\":\"es\",\"@id\":\"https:\\\/\\\/www.deia-properties.com\\\/#\\\/schema\\\/logo\\\/image\\\/\",\"url\":\"https:\\\/\\\/www.deia-properties.com\\\/wp-content\\\/uploads\\\/2025\\\/05\\\/cropped-Imagen-2-5-25-a-las-11.09.png\",\"contentUrl\":\"https:\\\/\\\/www.deia-properties.com\\\/wp-content\\\/uploads\\\/2025\\\/05\\\/cropped-Imagen-2-5-25-a-las-11.09.png\",\"width\":668,\"height\":191,\"caption\":\"Deia Properties - Beautiful Houses to Rent\"},\"image\":{\"@id\":\"https:\\\/\\\/www.deia-properties.com\\\/#\\\/schema\\\/logo\\\/image\\\/\"}}]}<\/script>\n<!-- \/ Yoast SEO plugin. -->","yoast_head_json":{"title":"About us - Deia Properties","description":"Get to know the team behind Dei\u00e0 Properties. We specialize in charming holiday rentals in Dei\u00e0, Valldemossa, S\u00f3ller and the Serra de Tramuntana, offering personalized service and local expertise.","robots":{"index":"index","follow":"follow","max-snippet":"max-snippet:-1","max-image-preview":"max-image-preview:large","max-video-preview":"max-video-preview:-1"},"canonical":"https:\/\/www.deia-properties.com\/es\/about-us\/","og_locale":"es_ES","og_type":"article","og_title":"About us - Deia Properties","og_description":"Get to know the team behind Dei\u00e0 Properties. We specialize in charming holiday rentals in Dei\u00e0, Valldemossa, S\u00f3ller and the Serra de Tramuntana, offering personalized service and local expertise.","og_url":"https:\/\/www.deia-properties.com\/es\/about-us\/","og_site_name":"Deia Properties","article_modified_time":"2025-05-02T07:48:22+00:00","og_image":[{"url":"http:\/\/www.deia-properties.com\/wp-content\/uploads\/2025\/04\/MGA_2010_10_09_25753-Version-2-Edit-1024x682.webp","type":"","width":"","height":""}],"twitter_card":"summary_large_image","twitter_misc":{"Tiempo de lectura":"3 minutos"},"schema":{"@context":"https:\/\/schema.org","@graph":[{"@type":"WebPage","@id":"https:\/\/www.deia-properties.com\/about-us\/","url":"https:\/\/www.deia-properties.com\/about-us\/","name":"About us - Deia Properties","isPartOf":{"@id":"https:\/\/www.deia-properties.com\/#website"},"primaryImageOfPage":{"@id":"https:\/\/www.deia-properties.com\/about-us\/#primaryimage"},"image":{"@id":"https:\/\/www.deia-properties.com\/about-us\/#primaryimage"},"thumbnailUrl":"http:\/\/www.deia-properties.com\/wp-content\/uploads\/2025\/04\/MGA_2010_10_09_25753-Version-2-Edit-1024x682.webp","datePublished":"2025-03-26T11:27:46+00:00","dateModified":"2025-05-02T07:48:22+00:00","description":"Get to know the team behind Dei\u00e0 Properties. We specialize in charming holiday rentals in Dei\u00e0, Valldemossa, S\u00f3ller and the Serra de Tramuntana, offering personalized service and local expertise.","breadcrumb":{"@id":"https:\/\/www.deia-properties.com\/about-us\/#breadcrumb"},"inLanguage":"es","potentialAction":[{"@type":"ReadAction","target":["https:\/\/www.deia-properties.com\/about-us\/"]}]},{"@type":"ImageObject","inLanguage":"es","@id":"https:\/\/www.deia-properties.com\/about-us\/#primaryimage","url":"http:\/\/www.deia-properties.com\/wp-content\/uploads\/2025\/04\/MGA_2010_10_09_25753-Version-2-Edit-1024x682.webp","contentUrl":"http:\/\/www.deia-properties.com\/wp-content\/uploads\/2025\/04\/MGA_2010_10_09_25753-Version-2-Edit-1024x682.webp"},{"@type":"BreadcrumbList","@id":"https:\/\/www.deia-properties.com\/about-us\/#breadcrumb","itemListElement":[{"@type":"ListItem","position":1,"name":"Home","item":"https:\/\/www.deia-properties.com\/"},{"@type":"ListItem","position":2,"name":"About us"}]},{"@type":"WebSite","@id":"https:\/\/www.deia-properties.com\/#website","url":"https:\/\/www.deia-properties.com\/","name":"Deia Properties - Beautiful Houses to Rent","description":"Beautiful houses for rent","publisher":{"@id":"https:\/\/www.deia-properties.com\/#organization"},"potentialAction":[{"@type":"SearchAction","target":{"@type":"EntryPoint","urlTemplate":"https:\/\/www.deia-properties.com\/?s={search_term_string}"},"query-input":{"@type":"PropertyValueSpecification","valueRequired":true,"valueName":"search_term_string"}}],"inLanguage":"es"},{"@type":"Organization","@id":"https:\/\/www.deia-properties.com\/#organization","name":"Deia Properties - Beautiful Houses to Rent","url":"https:\/\/www.deia-properties.com\/","logo":{"@type":"ImageObject","inLanguage":"es","@id":"https:\/\/www.deia-properties.com\/#\/schema\/logo\/image\/","url":"https:\/\/www.deia-properties.com\/wp-content\/uploads\/2025\/05\/cropped-Imagen-2-5-25-a-las-11.09.png","contentUrl":"https:\/\/www.deia-properties.com\/wp-content\/uploads\/2025\/05\/cropped-Imagen-2-5-25-a-las-11.09.png","width":668,"height":191,"caption":"Deia Properties - Beautiful Houses to Rent"},"image":{"@id":"https:\/\/www.deia-properties.com\/#\/schema\/logo\/image\/"}}]}},"_links":{"self":[{"href":"https:\/\/www.deia-properties.com\/es\/wp-json\/wp\/v2\/pages\/1171","targetHints":{"allow":["GET"]}}],"collection":[{"href":"https:\/\/www.deia-properties.com\/es\/wp-json\/wp\/v2\/pages"}],"about":[{"href":"https:\/\/www.deia-properties.com\/es\/wp-json\/wp\/v2\/types\/page"}],"author":[{"embeddable":true,"href":"https:\/\/www.deia-properties.com\/es\/wp-json\/wp\/v2\/users\/4"}],"replies":[{"embeddable":true,"href":"https:\/\/www.deia-properties.com\/es\/wp-json\/wp\/v2\/comments?post=1171"}],"version-history":[{"count":122,"href":"https:\/\/www.deia-properties.com\/es\/wp-json\/wp\/v2\/pages\/1171\/revisions"}],"predecessor-version":[{"id":4217,"href":"https:\/\/www.deia-properties.com\/es\/wp-json\/wp\/v2\/pages\/1171\/revisions\/4217"}],"wp:attachment":[{"href":"https:\/\/www.deia-properties.com\/es\/wp-json\/wp\/v2\/media?parent=1171"}],"curies":[{"name":"wp","href":"https:\/\/api.w.org\/{rel}","templated":true}]}}